{"id":37,"date":"2016-02-26T18:45:52","date_gmt":"2016-02-26T18:45:52","guid":{"rendered":"http:\/\/centroceci.com.ar\/web\/?page_id=37"},"modified":"2016-04-27T20:16:02","modified_gmt":"2016-04-27T20:16:02","slug":"programa-de-fellowship","status":"publish","type":"page","link":"http:\/\/centroceci.com.ar\/web\/profesionales\/programa-de-fellowship\/","title":{"rendered":"Programa de Fellowship"},"content":{"rendered":"<div><strong>Fellowship\u00a0<\/strong><\/div>\n<div><b>Informaci\u00f3n general<\/b><\/div>\n<div>El sistema de fellowship en\u00a0Cardiolog\u00eda Intervencionista en el Sanatorio Otamendi es un programa de\u00a03 a\u00f1os, organizada bajo la direcci\u00f3n del <b>Dr. Alfredo E. Rodr\u00edguez<\/b>. Durante los\u00a0tres a\u00f1os de la formaci\u00f3n del medico cardi\u00f3logo se espera que dominen las t\u00e9cnicas implicadas en la intervenci\u00f3n coronaria, adem\u00e1s del\u00a0<b>desarrollo de<\/b> <b>criterio m\u00e9dico <\/b>\u00a0sobre el riesgo de procedimientos y beneficios, selecci\u00f3n de pacientes y toma de decisiones cl\u00ednicas en el cuidado del paciente cardiovascular. Al final de este proceso, los m\u00e9dicos formados deber\u00e1n funcionar como operadores independientes durante los procedimientos intervencionistas.<\/div>\n<div><b>Objetivos<\/b><\/div>\n<div>El objetivo principal\u00a0es proporcionar una formaci\u00f3n integral en el diagn\u00f3stico y el tratamiento endovascular de\u00a0los pacientes con enfermedad cardiovascular. Los beneficiados por este programa\u00a0estar\u00e1n\u00a0en condiciones de asumir posiciones de <b>liderazgo<\/b> en el campo de la Cardiolog\u00eda Intervencionista. El programa ofrece la oportunidad de adquirir experiencia \u00a0en los siguientes procedimientos (pero no limitados) a:<\/div>\n<ul>\n<li>Angioplastia coronaria transluminal percut\u00e1nea<\/li>\n<li>Angioplastia con bal\u00f3n de cutting balloon<\/li>\n<li>Angioplastia con bal\u00f3n de liberaci\u00f3n de drogas<\/li>\n<li>Stents \u00a0farmacol\u00f3gicos de tercera generaci\u00f3n<\/li>\n<li>Aterectom\u00eda rotacional<\/li>\n<li>Trombectomia mec\u00e1nica y reol\u00edtica<\/li>\n<li>Ecograf\u00eda intravascular e histolog\u00eda virtual<\/li>\n<li>Tomograf\u00eda de coherencia \u00f3ptica<\/li>\n<li>Dispositivos de protecci\u00f3n distal<\/li>\n<\/ul>\n<div>Adicional a las t\u00e9cnicas de aprendizaje para la intervenci\u00f3n coronaria, los fellows participaran activamente en intervenciones card\u00edacas\u00a0no coronarias y el manejo de la enfermedad vascular perif\u00e9rica.<\/div>\n<div><em>Las intervenciones no coronarias incluyen<\/em>:<\/div>\n<ul>\n<li>Valvuloplastia percut\u00e1nea aortica y mitral<\/li>\n<li>Reemplazo percut\u00e1neo de la v\u00e1lvula aortica .<\/li>\n<li>Cierre de las comunicaciones intracard\u00edacas (CIA ,FOP , PDA, CIV)<\/li>\n<li>Ablaci\u00f3n septal \u00a0de la miocardiopat\u00eda hipertr\u00f3fica obstructiva<\/li>\n<li>Tratamiento del tromboembolismo pulmonar.<\/li>\n<\/ul>\n<div><em>Evaluaciones \u00a0diagnosticas y \u00a0tratamiento percut\u00e1neo de la enfermedad arterial en:<\/em><\/div>\n<ul>\n<li>Car\u00f3tida<\/li>\n<li>Subclavia<\/li>\n<li>Renal<\/li>\n<li>Aorta tor\u00e1cica y abdominal<\/li>\n<li>Mesent\u00e9rica<\/li>\n<li>Miembros \u00a0inferiores<\/li>\n<\/ul>\n","protected":false},"excerpt":{"rendered":"<p>Fellowship\u00a0 Informaci\u00f3n general El sistema de fellowship en\u00a0Cardiolog\u00eda Intervencionista en el Sanatorio Otamendi es un programa de\u00a03 a\u00f1os, organizada bajo la direcci\u00f3n del Dr. Alfredo E. Rodr\u00edguez. Durante los\u00a0tres a\u00f1os de la formaci\u00f3n del medico cardi\u00f3logo se espera que dominen las t\u00e9cnicas implicadas en la intervenci\u00f3n coronaria, adem\u00e1s del\u00a0desarrollo de criterio m\u00e9dico \u00a0sobre el riesgo &hellip;<\/p>\n","protected":false},"author":1,"featured_media":0,"parent":17,"menu_order":0,"comment_status":"closed","ping_status":"closed","template":"template-fullwidth.php","meta":[],"_links":{"self":[{"href":"http:\/\/centroceci.com.ar\/web\/wp-json\/wp\/v2\/pages\/37"}],"collection":[{"href":"http:\/\/centroceci.com.ar\/web\/wp-json\/wp\/v2\/pages"}],"about":[{"href":"http:\/\/centroceci.com.ar\/web\/wp-json\/wp\/v2\/types\/page"}],"author":[{"embeddable":true,"href":"http:\/\/centroceci.com.ar\/web\/wp-json\/wp\/v2\/users\/1"}],"replies":[{"embeddable":true,"href":"http:\/\/centroceci.com.ar\/web\/wp-json\/wp\/v2\/comments?post=37"}],"version-history":[{"count":2,"href":"http:\/\/centroceci.com.ar\/web\/wp-json\/wp\/v2\/pages\/37\/revisions"}],"predecessor-version":[{"id":192,"href":"http:\/\/centroceci.com.ar\/web\/wp-json\/wp\/v2\/pages\/37\/revisions\/192"}],"up":[{"embeddable":true,"href":"http:\/\/centroceci.com.ar\/web\/wp-json\/wp\/v2\/pages\/17"}],"wp:attachment":[{"href":"http:\/\/centroceci.com.ar\/web\/wp-json\/wp\/v2\/media?parent=37"}],"curies":[{"name":"wp","href":"https:\/\/api.w.org\/{rel}","templated":true}]}}